{"id":12,"date":"2015-01-27T11:55:33","date_gmt":"2015-01-27T11:55:33","guid":{"rendered":"http:\/\/tristanboyd.com\/callaghan\/?page_id=12"},"modified":"2015-10-08T09:39:13","modified_gmt":"2015-10-08T09:39:13","slug":"klagenfurt-english-training","status":"publish","type":"page","link":"https:\/\/www.callaghan.at\/de\/klagenfurt-english-training\/","title":{"rendered":"Englisch Training"},"content":{"rendered":"<p>Erweitern Sie Ihren Wortschatz und verbessern Sie Ihre Grammatik durch gezieltes Einzel- oder Gruppentraining.<\/p>\n<p>Alle Kurse sind auf die individuellen Bed\u00fcrfnissen des Kunden ausgerichtet und Termine k\u00f6nnen selbstverst\u00e4ndlich flexibel vereinbart werden.<\/p>\n<p>Spezialgebiete sind u.a.:<\/p>\n<ul>\n<li>Business English<\/li>\n<li>Finanzwirtschaft<\/li>\n<li>Bankensektor<\/li>\n<li>&#8220;Every Day&#8221;\u00a0English<\/li>\n<li>Konversation<\/li>\n<li>Gastronomie\u00a0und Tourismus<\/li>\n<li>Verkauf und Marketing<\/li>\n<\/ul>\n<p>Wenn Ihr Interesse geweckt ist, nehmen Sie bitte mit mir Kontakt auf und vereinbaren Sie einen unverbindlichen Gespr\u00e4chstermin, um vor Ort Ihre Anforderungen zu besprechen.<\/p>\n<p>&nbsp;<\/p>\n<p>&nbsp;<\/p>\n<p>&nbsp;<\/p>\n<p>&nbsp;<\/p>\n<p>&nbsp;<\/p>\n","protected":false},"excerpt":{"rendered":"<p>Erweitern Sie Ihren Wortschatz und verbessern Sie Ihre Grammatik durch gezieltes Einzel- oder Gruppentraining. Alle Kurse sind auf die individuellen Bed\u00fcrfnissen des Kunden ausgerichtet und Termine k\u00f6nnen selbstverst\u00e4ndlich flexibel vereinbart werden. Spezialgebiete sind u.a.: Business English Finanzwirtschaft Bankensektor &#8220;Every Day&#8221;\u00a0English<\/p>\n","protected":false},"author":1,"featured_media":0,"parent":0,"menu_order":0,"comment_status":"closed","ping_status":"closed","template":"","meta":{"footnotes":""},"class_list":["post-12","page","type-page","status-publish","hentry"],"translation":{"provider":"WPGlobus","version":"3.0.2","language":"de","enabled_languages":["en","de"],"languages":{"en":{"title":true,"content":true,"excerpt":false},"de":{"title":true,"content":true,"excerpt":false}}},"yoast_head":"<!-- This site is optimized with the Yoast SEO plugin v27.2 - https:\/\/yoast.com\/product\/yoast-seo-wordpress\/ -->\n<title>Klagenfurt English Training<\/title>\n<meta name=\"robots\" content=\"index, follow, max-snippet:-1, max-image-preview:large, max-video-preview:-1\" \/>\n<link rel=\"canonical\" href=\"https:\/\/www.callaghan.at\/klagenfurt-english-training\/\" \/>\n<meta property=\"og:locale\" content=\"de_DE\" \/>\n<meta property=\"og:type\" content=\"article\" \/>\n<meta property=\"og:title\" content=\"Englisch Training  - Callaghan\" \/>\n<meta property=\"og:url\" content=\"https:\/\/www.callaghan.at\/klagenfurt-english-training\/\" \/>\n<meta property=\"og:site_name\" content=\"Callaghan\" \/>\n<meta property=\"article:modified_time\" content=\"2015-10-08T09:39:13+00:00\" \/>\n<meta name=\"twitter:label1\" content=\"Est. reading time\" \/>\n\t<meta name=\"twitter:data1\" content=\"1 minute\" \/>\n<script type=\"application\/ld+json\" class=\"yoast-schema-graph\">{\"@context\":\"https:\/\/schema.org\",\"@graph\":[{\"@type\":\"WebPage\",\"@id\":\"https:\/\/www.callaghan.at\/klagenfurt-english-training\/\",\"url\":\"https:\/\/www.callaghan.at\/klagenfurt-english-training\/\",\"name\":\"Klagenfurt English Training\",\"isPartOf\":{\"@id\":\"https:\/\/www.callaghan.at\/#website\"},\"datePublished\":\"2015-01-27T11:55:33+00:00\",\"dateModified\":\"2015-10-08T09:39:13+00:00\",\"breadcrumb\":{\"@id\":\"https:\/\/www.callaghan.at\/klagenfurt-english-training\/#breadcrumb\"},\"inLanguage\":\"de-DE\",\"potentialAction\":[{\"@type\":\"ReadAction\",\"target\":[\"https:\/\/www.callaghan.at\/klagenfurt-english-training\/\"]}]},{\"@type\":\"BreadcrumbList\",\"@id\":\"https:\/\/www.callaghan.at\/klagenfurt-english-training\/#breadcrumb\",\"itemListElement\":[{\"@type\":\"ListItem\",\"position\":1,\"name\":\"Home\",\"item\":\"https:\/\/www.callaghan.at\/\"},{\"@type\":\"ListItem\",\"position\":2,\"name\":\"English Training\"}]},{\"@type\":\"WebSite\",\"@id\":\"https:\/\/www.callaghan.at\/#website\",\"url\":\"https:\/\/www.callaghan.at\/\",\"name\":\"Callaghan\",\"description\":\"Translation German English | Business English | Klagenfurt | Villach\",\"publisher\":{\"@id\":\"https:\/\/www.callaghan.at\/#organization\"},\"potentialAction\":[{\"@type\":\"SearchAction\",\"target\":{\"@type\":\"EntryPoint\",\"urlTemplate\":\"https:\/\/www.callaghan.at\/?s={search_term_string}\"},\"query-input\":{\"@type\":\"PropertyValueSpecification\",\"valueRequired\":true,\"valueName\":\"search_term_string\"}}],\"inLanguage\":\"de-DE\"},{\"@type\":\"Organization\",\"@id\":\"https:\/\/www.callaghan.at\/#organization\",\"name\":\"Callaghan\",\"url\":\"https:\/\/www.callaghan.at\/\",\"logo\":{\"@type\":\"ImageObject\",\"inLanguage\":\"de-DE\",\"@id\":\"https:\/\/www.callaghan.at\/#\/schema\/logo\/image\/\",\"url\":\"https:\/\/www.callaghan.at\/wp-content\/uploads\/2015\/01\/logo-callaghan1.png\",\"contentUrl\":\"https:\/\/www.callaghan.at\/wp-content\/uploads\/2015\/01\/logo-callaghan1.png\",\"width\":200,\"height\":75,\"caption\":\"Callaghan\"},\"image\":{\"@id\":\"https:\/\/www.callaghan.at\/#\/schema\/logo\/image\/\"}}]}<\/script>\n<!-- \/ Yoast SEO plugin. -->","yoast_head_json":{"title":"Klagenfurt English Training","robots":{"index":"index","follow":"follow","max-snippet":"max-snippet:-1","max-image-preview":"max-image-preview:large","max-video-preview":"max-video-preview:-1"},"canonical":"https:\/\/www.callaghan.at\/klagenfurt-english-training\/","og_locale":"de_DE","og_type":"article","og_title":"Englisch Training  - Callaghan","og_url":"https:\/\/www.callaghan.at\/klagenfurt-english-training\/","og_site_name":"Callaghan","article_modified_time":"2015-10-08T09:39:13+00:00","twitter_misc":{"Est. reading time":"1 minute"},"schema":{"@context":"https:\/\/schema.org","@graph":[{"@type":"WebPage","@id":"https:\/\/www.callaghan.at\/klagenfurt-english-training\/","url":"https:\/\/www.callaghan.at\/klagenfurt-english-training\/","name":"Klagenfurt English Training","isPartOf":{"@id":"https:\/\/www.callaghan.at\/#website"},"datePublished":"2015-01-27T11:55:33+00:00","dateModified":"2015-10-08T09:39:13+00:00","breadcrumb":{"@id":"https:\/\/www.callaghan.at\/klagenfurt-english-training\/#breadcrumb"},"inLanguage":"de-DE","potentialAction":[{"@type":"ReadAction","target":["https:\/\/www.callaghan.at\/klagenfurt-english-training\/"]}]},{"@type":"BreadcrumbList","@id":"https:\/\/www.callaghan.at\/klagenfurt-english-training\/#breadcrumb","itemListElement":[{"@type":"ListItem","position":1,"name":"Home","item":"https:\/\/www.callaghan.at\/"},{"@type":"ListItem","position":2,"name":"English Training"}]},{"@type":"WebSite","@id":"https:\/\/www.callaghan.at\/#website","url":"https:\/\/www.callaghan.at\/","name":"Callaghan","description":"Translation German English | Business English | Klagenfurt | Villach","publisher":{"@id":"https:\/\/www.callaghan.at\/#organization"},"potentialAction":[{"@type":"SearchAction","target":{"@type":"EntryPoint","urlTemplate":"https:\/\/www.callaghan.at\/?s={search_term_string}"},"query-input":{"@type":"PropertyValueSpecification","valueRequired":true,"valueName":"search_term_string"}}],"inLanguage":"de-DE"},{"@type":"Organization","@id":"https:\/\/www.callaghan.at\/#organization","name":"Callaghan","url":"https:\/\/www.callaghan.at\/","logo":{"@type":"ImageObject","inLanguage":"de-DE","@id":"https:\/\/www.callaghan.at\/#\/schema\/logo\/image\/","url":"https:\/\/www.callaghan.at\/wp-content\/uploads\/2015\/01\/logo-callaghan1.png","contentUrl":"https:\/\/www.callaghan.at\/wp-content\/uploads\/2015\/01\/logo-callaghan1.png","width":200,"height":75,"caption":"Callaghan"},"image":{"@id":"https:\/\/www.callaghan.at\/#\/schema\/logo\/image\/"}}]}},"_links":{"self":[{"href":"https:\/\/www.callaghan.at\/de\/wp-json\/wp\/v2\/pages\/12","targetHints":{"allow":["GET"]}}],"collection":[{"href":"https:\/\/www.callaghan.at\/de\/wp-json\/wp\/v2\/pages"}],"about":[{"href":"https:\/\/www.callaghan.at\/de\/wp-json\/wp\/v2\/types\/page"}],"author":[{"embeddable":true,"href":"https:\/\/www.callaghan.at\/de\/wp-json\/wp\/v2\/users\/1"}],"replies":[{"embeddable":true,"href":"https:\/\/www.callaghan.at\/de\/wp-json\/wp\/v2\/comments?post=12"}],"version-history":[{"count":15,"href":"https:\/\/www.callaghan.at\/de\/wp-json\/wp\/v2\/pages\/12\/revisions"}],"predecessor-version":[{"id":113,"href":"https:\/\/www.callaghan.at\/de\/wp-json\/wp\/v2\/pages\/12\/revisions\/113"}],"wp:attachment":[{"href":"https:\/\/www.callaghan.at\/de\/wp-json\/wp\/v2\/media?parent=12"}],"curies":[{"name":"wp","href":"https:\/\/api.w.org\/{rel}","templated":true}]}}