{"id":16,"date":"2015-01-27T11:57:40","date_gmt":"2015-01-27T11:57:40","guid":{"rendered":"http:\/\/tristanboyd.com\/callaghan\/?page_id=16"},"modified":"2025-05-30T14:01:54","modified_gmt":"2025-05-30T14:01:54","slug":"sales-marketing","status":"publish","type":"page","link":"https:\/\/www.callaghan.at\/de\/sales-marketing\/","title":{"rendered":"Verkauf &#038; Marketing"},"content":{"rendered":"<p><span class=\"xr_tl xr_s24\"><span class=\"xr_s3\">Wir unterst\u00fctzen Sie <\/span><\/span><span class=\"xr_tl xr_s24\"><span class=\"xr_s3\">bei der Erschlie\u00dfung englischsprachiger und deutschsprachiger M\u00e4rkte und bieten Ihnen<\/span><\/span><\/p>\n<ul>\n<li>Dolmetscher Service<\/li>\n<li><span class=\"xr_tl xr_s3\">Planung von Verkaufsmeetings<\/span><span class=\"xr_tl xr_s3\">\u00a0\u00a0<\/span><\/li>\n<li><span class=\"xr_tl xr_s3\">Pr\u00e4sentation Ihrer Produkte oder Dienstleistungen<\/span><span class=\"xr_tl xr_s3\">\u00a0\u00a0<\/span><\/li>\n<li><span class=\"xr_tl xr_s3\">Pr\u00e4sentation Ihres Unternehmens auf Fachmessen<\/span><span class=\"xr_tl xr_s3\">\u00a0\u00a0<\/span><\/li>\n<li><span class=\"xr_tl xr_s3\">Beurteilung von M\u00e4rkten f\u00fcr Ihre Produkte bzw. Dienstleistungen<\/span><\/li>\n<\/ul>\n","protected":false},"excerpt":{"rendered":"<p>Wir unterst\u00fctzen Sie bei der Erschlie\u00dfung englischsprachiger und deutschsprachiger M\u00e4rkte und bieten Ihnen Dolmetscher Service Planung von Verkaufsmeetings\u00a0\u00a0 Pr\u00e4sentation Ihrer Produkte oder Dienstleistungen\u00a0\u00a0 Pr\u00e4sentation Ihres Unternehmens auf Fachmessen\u00a0\u00a0 Beurteilung von M\u00e4rkten f\u00fcr Ihre Produkte bzw. Dienstleistungen<\/p>\n","protected":false},"author":1,"featured_media":0,"parent":0,"menu_order":0,"comment_status":"closed","ping_status":"closed","template":"","meta":{"footnotes":""},"class_list":["post-16","page","type-page","status-publish","hentry"],"translation":{"provider":"WPGlobus","version":"3.0.2","language":"de","enabled_languages":["en","de"],"languages":{"en":{"title":true,"content":true,"excerpt":false},"de":{"title":true,"content":true,"excerpt":false}}},"yoast_head":"<!-- This site is optimized with the Yoast SEO plugin v27.2 - https:\/\/yoast.com\/product\/yoast-seo-wordpress\/ -->\n<title>Verkauf &amp; Marketing - Callaghan<\/title>\n<meta name=\"robots\" content=\"index, follow, max-snippet:-1, max-image-preview:large, max-video-preview:-1\" \/>\n<link rel=\"canonical\" href=\"https:\/\/www.callaghan.at\/sales-marketing\/\" \/>\n<meta property=\"og:locale\" content=\"de_DE\" \/>\n<meta property=\"og:type\" content=\"article\" \/>\n<meta property=\"og:title\" content=\"Verkauf &amp; Marketing - Callaghan\" \/>\n<meta property=\"og:url\" content=\"https:\/\/www.callaghan.at\/sales-marketing\/\" \/>\n<meta property=\"og:site_name\" content=\"Callaghan\" \/>\n<meta property=\"article:modified_time\" content=\"2025-05-30T14:01:54+00:00\" \/>\n<script type=\"application\/ld+json\" class=\"yoast-schema-graph\">{\"@context\":\"https:\/\/schema.org\",\"@graph\":[{\"@type\":\"WebPage\",\"@id\":\"https:\/\/www.callaghan.at\/sales-marketing\/\",\"url\":\"https:\/\/www.callaghan.at\/sales-marketing\/\",\"name\":\"Verkauf & Marketing - Callaghan\",\"isPartOf\":{\"@id\":\"https:\/\/www.callaghan.at\/#website\"},\"datePublished\":\"2015-01-27T11:57:40+00:00\",\"dateModified\":\"2025-05-30T14:01:54+00:00\",\"breadcrumb\":{\"@id\":\"https:\/\/www.callaghan.at\/sales-marketing\/#breadcrumb\"},\"inLanguage\":\"de-DE\",\"potentialAction\":[{\"@type\":\"ReadAction\",\"target\":[\"https:\/\/www.callaghan.at\/sales-marketing\/\"]}]},{\"@type\":\"BreadcrumbList\",\"@id\":\"https:\/\/www.callaghan.at\/sales-marketing\/#breadcrumb\",\"itemListElement\":[{\"@type\":\"ListItem\",\"position\":1,\"name\":\"Home\",\"item\":\"https:\/\/www.callaghan.at\/\"},{\"@type\":\"ListItem\",\"position\":2,\"name\":\"Sales &#038; Marketing\"}]},{\"@type\":\"WebSite\",\"@id\":\"https:\/\/www.callaghan.at\/#website\",\"url\":\"https:\/\/www.callaghan.at\/\",\"name\":\"Callaghan\",\"description\":\"Translation German English | Business English | Klagenfurt | Villach\",\"publisher\":{\"@id\":\"https:\/\/www.callaghan.at\/#organization\"},\"potentialAction\":[{\"@type\":\"SearchAction\",\"target\":{\"@type\":\"EntryPoint\",\"urlTemplate\":\"https:\/\/www.callaghan.at\/?s={search_term_string}\"},\"query-input\":{\"@type\":\"PropertyValueSpecification\",\"valueRequired\":true,\"valueName\":\"search_term_string\"}}],\"inLanguage\":\"de-DE\"},{\"@type\":\"Organization\",\"@id\":\"https:\/\/www.callaghan.at\/#organization\",\"name\":\"Callaghan\",\"url\":\"https:\/\/www.callaghan.at\/\",\"logo\":{\"@type\":\"ImageObject\",\"inLanguage\":\"de-DE\",\"@id\":\"https:\/\/www.callaghan.at\/#\/schema\/logo\/image\/\",\"url\":\"https:\/\/www.callaghan.at\/wp-content\/uploads\/2015\/01\/logo-callaghan1.png\",\"contentUrl\":\"https:\/\/www.callaghan.at\/wp-content\/uploads\/2015\/01\/logo-callaghan1.png\",\"width\":200,\"height\":75,\"caption\":\"Callaghan\"},\"image\":{\"@id\":\"https:\/\/www.callaghan.at\/#\/schema\/logo\/image\/\"}}]}<\/script>\n<!-- \/ Yoast SEO plugin. -->","yoast_head_json":{"title":"Verkauf & Marketing - Callaghan","robots":{"index":"index","follow":"follow","max-snippet":"max-snippet:-1","max-image-preview":"max-image-preview:large","max-video-preview":"max-video-preview:-1"},"canonical":"https:\/\/www.callaghan.at\/sales-marketing\/","og_locale":"de_DE","og_type":"article","og_title":"Verkauf & Marketing - Callaghan","og_url":"https:\/\/www.callaghan.at\/sales-marketing\/","og_site_name":"Callaghan","article_modified_time":"2025-05-30T14:01:54+00:00","schema":{"@context":"https:\/\/schema.org","@graph":[{"@type":"WebPage","@id":"https:\/\/www.callaghan.at\/sales-marketing\/","url":"https:\/\/www.callaghan.at\/sales-marketing\/","name":"Verkauf & Marketing - Callaghan","isPartOf":{"@id":"https:\/\/www.callaghan.at\/#website"},"datePublished":"2015-01-27T11:57:40+00:00","dateModified":"2025-05-30T14:01:54+00:00","breadcrumb":{"@id":"https:\/\/www.callaghan.at\/sales-marketing\/#breadcrumb"},"inLanguage":"de-DE","potentialAction":[{"@type":"ReadAction","target":["https:\/\/www.callaghan.at\/sales-marketing\/"]}]},{"@type":"BreadcrumbList","@id":"https:\/\/www.callaghan.at\/sales-marketing\/#breadcrumb","itemListElement":[{"@type":"ListItem","position":1,"name":"Home","item":"https:\/\/www.callaghan.at\/"},{"@type":"ListItem","position":2,"name":"Sales &#038; Marketing"}]},{"@type":"WebSite","@id":"https:\/\/www.callaghan.at\/#website","url":"https:\/\/www.callaghan.at\/","name":"Callaghan","description":"Translation German English | Business English | Klagenfurt | Villach","publisher":{"@id":"https:\/\/www.callaghan.at\/#organization"},"potentialAction":[{"@type":"SearchAction","target":{"@type":"EntryPoint","urlTemplate":"https:\/\/www.callaghan.at\/?s={search_term_string}"},"query-input":{"@type":"PropertyValueSpecification","valueRequired":true,"valueName":"search_term_string"}}],"inLanguage":"de-DE"},{"@type":"Organization","@id":"https:\/\/www.callaghan.at\/#organization","name":"Callaghan","url":"https:\/\/www.callaghan.at\/","logo":{"@type":"ImageObject","inLanguage":"de-DE","@id":"https:\/\/www.callaghan.at\/#\/schema\/logo\/image\/","url":"https:\/\/www.callaghan.at\/wp-content\/uploads\/2015\/01\/logo-callaghan1.png","contentUrl":"https:\/\/www.callaghan.at\/wp-content\/uploads\/2015\/01\/logo-callaghan1.png","width":200,"height":75,"caption":"Callaghan"},"image":{"@id":"https:\/\/www.callaghan.at\/#\/schema\/logo\/image\/"}}]}},"_links":{"self":[{"href":"https:\/\/www.callaghan.at\/de\/wp-json\/wp\/v2\/pages\/16","targetHints":{"allow":["GET"]}}],"collection":[{"href":"https:\/\/www.callaghan.at\/de\/wp-json\/wp\/v2\/pages"}],"about":[{"href":"https:\/\/www.callaghan.at\/de\/wp-json\/wp\/v2\/types\/page"}],"author":[{"embeddable":true,"href":"https:\/\/www.callaghan.at\/de\/wp-json\/wp\/v2\/users\/1"}],"replies":[{"embeddable":true,"href":"https:\/\/www.callaghan.at\/de\/wp-json\/wp\/v2\/comments?post=16"}],"version-history":[{"count":10,"href":"https:\/\/www.callaghan.at\/de\/wp-json\/wp\/v2\/pages\/16\/revisions"}],"predecessor-version":[{"id":139,"href":"https:\/\/www.callaghan.at\/de\/wp-json\/wp\/v2\/pages\/16\/revisions\/139"}],"wp:attachment":[{"href":"https:\/\/www.callaghan.at\/de\/wp-json\/wp\/v2\/media?parent=16"}],"curies":[{"name":"wp","href":"https:\/\/api.w.org\/{rel}","templated":true}]}}