{"id":2,"date":"2015-01-27T11:11:36","date_gmt":"2015-01-27T11:11:36","guid":{"rendered":"http:\/\/tristanboyd.com\/callaghan\/?page_id=2"},"modified":"2025-05-30T14:03:54","modified_gmt":"2025-05-30T14:03:54","slug":"sample-page","status":"publish","type":"page","link":"https:\/\/www.callaghan.at\/de\/sample-page\/","title":{"rendered":"Ian Callaghan"},"content":{"rendered":"<p>Ian Callaghan, geboren und aufgewachsen in London. Ausbildung in Business Management, Karriere im Hotelmanagement, gefolgt von der erfolgreichen Entwicklung der Marken Pago, Pilsner Urquell und Peroni in Spitzenrestaurants in London.\u00a0Ausbildung zum Englischlehrer und Arbeitserfahrung in Cambridge. Seit 2008 als Englischlehrer\/Trainer f\u00fcr Berlitz, Alpen Adria Universit\u00e4t, Fachhochschule K\u00e4rnten und zahlreiche Unternehmen und Schulen t\u00e4tig.<\/p>\n","protected":false},"excerpt":{"rendered":"<p>Ian Callaghan, geboren und aufgewachsen in London. Ausbildung in Business Management, Karriere im Hotelmanagement, gefolgt von der erfolgreichen Entwicklung der Marken Pago, Pilsner Urquell und Peroni in Spitzenrestaurants in London.\u00a0Ausbildung zum Englischlehrer und Arbeitserfahrung in Cambridge. Seit 2008 als Englischlehrer\/Trainer<\/p>\n","protected":false},"author":1,"featured_media":0,"parent":0,"menu_order":0,"comment_status":"closed","ping_status":"closed","template":"","meta":{"footnotes":""},"class_list":["post-2","page","type-page","status-publish","hentry"],"translation":{"provider":"WPGlobus","version":"3.0.2","language":"de","enabled_languages":["en","de"],"languages":{"en":{"title":true,"content":true,"excerpt":false},"de":{"title":false,"content":true,"excerpt":false}}},"yoast_head":"<!-- This site is optimized with the Yoast SEO plugin v27.2 - https:\/\/yoast.com\/product\/yoast-seo-wordpress\/ -->\n<title>Ian Callaghan - Callaghan<\/title>\n<meta name=\"robots\" content=\"index, follow, max-snippet:-1, max-image-preview:large, max-video-preview:-1\" \/>\n<link rel=\"canonical\" href=\"https:\/\/www.callaghan.at\/sample-page\/\" \/>\n<meta property=\"og:locale\" content=\"de_DE\" \/>\n<meta property=\"og:type\" content=\"article\" \/>\n<meta property=\"og:title\" content=\"Ian Callaghan - Callaghan\" \/>\n<meta property=\"og:url\" content=\"https:\/\/www.callaghan.at\/sample-page\/\" \/>\n<meta property=\"og:site_name\" content=\"Callaghan\" \/>\n<meta property=\"article:modified_time\" content=\"2025-05-30T14:03:54+00:00\" \/>\n<meta name=\"twitter:label1\" content=\"Est. reading time\" \/>\n\t<meta name=\"twitter:data1\" content=\"1 minute\" \/>\n<script type=\"application\/ld+json\" class=\"yoast-schema-graph\">{\"@context\":\"https:\/\/schema.org\",\"@graph\":[{\"@type\":\"WebPage\",\"@id\":\"https:\/\/www.callaghan.at\/sample-page\/\",\"url\":\"https:\/\/www.callaghan.at\/sample-page\/\",\"name\":\"Ian Callaghan - Callaghan\",\"isPartOf\":{\"@id\":\"https:\/\/www.callaghan.at\/#website\"},\"datePublished\":\"2015-01-27T11:11:36+00:00\",\"dateModified\":\"2025-05-30T14:03:54+00:00\",\"breadcrumb\":{\"@id\":\"https:\/\/www.callaghan.at\/sample-page\/#breadcrumb\"},\"inLanguage\":\"de-DE\",\"potentialAction\":[{\"@type\":\"ReadAction\",\"target\":[\"https:\/\/www.callaghan.at\/sample-page\/\"]}]},{\"@type\":\"BreadcrumbList\",\"@id\":\"https:\/\/www.callaghan.at\/sample-page\/#breadcrumb\",\"itemListElement\":[{\"@type\":\"ListItem\",\"position\":1,\"name\":\"Home\",\"item\":\"https:\/\/www.callaghan.at\/\"},{\"@type\":\"ListItem\",\"position\":2,\"name\":\"Ian Callaghan\"}]},{\"@type\":\"WebSite\",\"@id\":\"https:\/\/www.callaghan.at\/#website\",\"url\":\"https:\/\/www.callaghan.at\/\",\"name\":\"Callaghan\",\"description\":\"Translation German English | Business English | Klagenfurt | Villach\",\"publisher\":{\"@id\":\"https:\/\/www.callaghan.at\/#organization\"},\"potentialAction\":[{\"@type\":\"SearchAction\",\"target\":{\"@type\":\"EntryPoint\",\"urlTemplate\":\"https:\/\/www.callaghan.at\/?s={search_term_string}\"},\"query-input\":{\"@type\":\"PropertyValueSpecification\",\"valueRequired\":true,\"valueName\":\"search_term_string\"}}],\"inLanguage\":\"de-DE\"},{\"@type\":\"Organization\",\"@id\":\"https:\/\/www.callaghan.at\/#organization\",\"name\":\"Callaghan\",\"url\":\"https:\/\/www.callaghan.at\/\",\"logo\":{\"@type\":\"ImageObject\",\"inLanguage\":\"de-DE\",\"@id\":\"https:\/\/www.callaghan.at\/#\/schema\/logo\/image\/\",\"url\":\"https:\/\/www.callaghan.at\/wp-content\/uploads\/2015\/01\/logo-callaghan1.png\",\"contentUrl\":\"https:\/\/www.callaghan.at\/wp-content\/uploads\/2015\/01\/logo-callaghan1.png\",\"width\":200,\"height\":75,\"caption\":\"Callaghan\"},\"image\":{\"@id\":\"https:\/\/www.callaghan.at\/#\/schema\/logo\/image\/\"}}]}<\/script>\n<!-- \/ Yoast SEO plugin. -->","yoast_head_json":{"title":"Ian Callaghan - Callaghan","robots":{"index":"index","follow":"follow","max-snippet":"max-snippet:-1","max-image-preview":"max-image-preview:large","max-video-preview":"max-video-preview:-1"},"canonical":"https:\/\/www.callaghan.at\/sample-page\/","og_locale":"de_DE","og_type":"article","og_title":"Ian Callaghan - Callaghan","og_url":"https:\/\/www.callaghan.at\/sample-page\/","og_site_name":"Callaghan","article_modified_time":"2025-05-30T14:03:54+00:00","twitter_misc":{"Est. reading time":"1 minute"},"schema":{"@context":"https:\/\/schema.org","@graph":[{"@type":"WebPage","@id":"https:\/\/www.callaghan.at\/sample-page\/","url":"https:\/\/www.callaghan.at\/sample-page\/","name":"Ian Callaghan - Callaghan","isPartOf":{"@id":"https:\/\/www.callaghan.at\/#website"},"datePublished":"2015-01-27T11:11:36+00:00","dateModified":"2025-05-30T14:03:54+00:00","breadcrumb":{"@id":"https:\/\/www.callaghan.at\/sample-page\/#breadcrumb"},"inLanguage":"de-DE","potentialAction":[{"@type":"ReadAction","target":["https:\/\/www.callaghan.at\/sample-page\/"]}]},{"@type":"BreadcrumbList","@id":"https:\/\/www.callaghan.at\/sample-page\/#breadcrumb","itemListElement":[{"@type":"ListItem","position":1,"name":"Home","item":"https:\/\/www.callaghan.at\/"},{"@type":"ListItem","position":2,"name":"Ian Callaghan"}]},{"@type":"WebSite","@id":"https:\/\/www.callaghan.at\/#website","url":"https:\/\/www.callaghan.at\/","name":"Callaghan","description":"Translation German English | Business English | Klagenfurt | Villach","publisher":{"@id":"https:\/\/www.callaghan.at\/#organization"},"potentialAction":[{"@type":"SearchAction","target":{"@type":"EntryPoint","urlTemplate":"https:\/\/www.callaghan.at\/?s={search_term_string}"},"query-input":{"@type":"PropertyValueSpecification","valueRequired":true,"valueName":"search_term_string"}}],"inLanguage":"de-DE"},{"@type":"Organization","@id":"https:\/\/www.callaghan.at\/#organization","name":"Callaghan","url":"https:\/\/www.callaghan.at\/","logo":{"@type":"ImageObject","inLanguage":"de-DE","@id":"https:\/\/www.callaghan.at\/#\/schema\/logo\/image\/","url":"https:\/\/www.callaghan.at\/wp-content\/uploads\/2015\/01\/logo-callaghan1.png","contentUrl":"https:\/\/www.callaghan.at\/wp-content\/uploads\/2015\/01\/logo-callaghan1.png","width":200,"height":75,"caption":"Callaghan"},"image":{"@id":"https:\/\/www.callaghan.at\/#\/schema\/logo\/image\/"}}]}},"_links":{"self":[{"href":"https:\/\/www.callaghan.at\/de\/wp-json\/wp\/v2\/pages\/2","targetHints":{"allow":["GET"]}}],"collection":[{"href":"https:\/\/www.callaghan.at\/de\/wp-json\/wp\/v2\/pages"}],"about":[{"href":"https:\/\/www.callaghan.at\/de\/wp-json\/wp\/v2\/types\/page"}],"author":[{"embeddable":true,"href":"https:\/\/www.callaghan.at\/de\/wp-json\/wp\/v2\/users\/1"}],"replies":[{"embeddable":true,"href":"https:\/\/www.callaghan.at\/de\/wp-json\/wp\/v2\/comments?post=2"}],"version-history":[{"count":14,"href":"https:\/\/www.callaghan.at\/de\/wp-json\/wp\/v2\/pages\/2\/revisions"}],"predecessor-version":[{"id":141,"href":"https:\/\/www.callaghan.at\/de\/wp-json\/wp\/v2\/pages\/2\/revisions\/141"}],"wp:attachment":[{"href":"https:\/\/www.callaghan.at\/de\/wp-json\/wp\/v2\/media?parent=2"}],"curies":[{"name":"wp","href":"https:\/\/api.w.org\/{rel}","templated":true}]}}