{"id":29,"date":"2015-09-03T11:13:49","date_gmt":"2015-09-03T11:13:49","guid":{"rendered":"http:\/\/tristanboyd.com\/callaghan\/?page_id=29"},"modified":"2015-10-11T16:35:58","modified_gmt":"2015-10-11T16:35:58","slug":"29-2","status":"publish","type":"page","link":"https:\/\/www.callaghan.at\/de\/29-2\/","title":{"rendered":"Referenzen"},"content":{"rendered":"<p>&#8220;Ich finde die Unterrichtsmethode von Herrn Callaghan hervorragend. Er vermittelt den Eindruck, dass es\u00a0vollkommen in Ordnung ist, wie man spricht und achtet aber gleichzeitig sehr sorgsam darauf, dass man trotzdem die richtige Aussprache und Wortwahl trifft. Ich\u00a0bekam im Laufe des Unterrichts\u00a0so richtig Lust englisch gut zu lernen. Ich empfehle Herrn Callaghan all jenen Menschen,\u00a0denen der \u00fcbliche Englischunterricht nichts gebracht hat&#8221;.<\/p>\n<p><strong>Sabrina Scumaci, Gesch\u00e4ftsf\u00fchrerin, Contrapunkt soziale Betriebe GmbH<\/strong><\/p>\n<p>&#8220;Abwechslungsreich, unterhaltsam, unkompliziert! Mit fachlicher Kompetenz und seinem britischem Humor versteht es Herr Callaghan seine Sch\u00fcler im Kurs zu begeistern und zu motivieren. So macht Englisch lernen wirklich Spa\u00df&#8221;!<\/p>\n<p><strong>Wolfgang Nott, SAP Systemanalytiker, Kelag<\/strong><\/p>\n<p>&#8220;Durch seine langj\u00e4hrigen Erfahrungen in verschiedenen Bereichen von\u00a0Wirtschaft und Wissenschaft, verbunden mit der T\u00e4tigkeit als\u00a0Englischlehrer, versteht es Ian Callaghan als Native Speaker, seine\u00a0Englischkurse mit entsprechender Professionalit\u00e4t lebendig,\u00a0bedarfsorientiert und aktuell am Zeitgeschehen zu gestalten sowie gepaart<br \/>\nmit Humor und Spa\u00df am Lernen zu vermitteln&#8221;.<\/p>\n<p><strong>Helmut Lipus, Group Credit Management, Hypo Alpe-Adria Bank<\/strong><\/p>\n<p>&#8220;As a result of his teaching as well as business skills, Ian Callaghan made a\u00a0Banking English course exceptionally fluid and comprehensible. Offering just\u00a0the right amount of guidance, enables his pupils to carry out every task by\u00a0themselves. In my personal experience, this was the most comprehensible course I have ever attended&#8221;.<\/p>\n<p><strong>Aleksandar Ratkovi\u0107, BI Architect, Business Intelligence, Hypo Alpe-Adria-Bank<\/strong><\/p>\n<p>&#8220;Club Europe ski tours has worked with \u00a0Ian for over 5 years and his warmth and professional approach has led to him being requested year on year&#8221;.<\/p>\n<p><strong>Tim Johnson, Managing Director, Club Europe Group Travel Ltd<\/strong><\/p>\n<p>&#8220;Herr Callaghan ist aufgrund seiner langj\u00e4hrigen Erfahrungen im Verkauf und Marketing ein Garant f\u00fcr praxisbezogenes Lernen und\u00a0 der beste Beweis daf\u00fcr, dass Professionalit\u00e4t und Spa\u00df kein Widerspruch sind&#8221;.<\/p>\n<p><strong>Stefan Luchner,<\/strong>\u00a0\u00a0<strong>Burger &amp; S\u00f6hne Trading AG<\/strong><\/p>\n<p>&#8220;Aufgrund seiner langj\u00e4hrigen Kompetenz im Fremdsprachenbereich \u00fcberzeugt Herr Callaghan auch im wissenschaftlichen Bereich mit fachlich fundierten und qualitativ erstklassigen \u00dcbersetzungen&#8221;.<\/p>\n<p><strong>Mag.Dr.Markus Kottek, <\/strong><strong>Amt der K\u00e4rntner Landesregierung, K\u00e4rntner Institut f\u00fcr Klimaschutz<\/strong><\/p>\n<p>&#8220;F\u00fcr das\u00a0WEISS\u00a0ist die Zusammenarbeit mit Herrn Callaghan mehr als zufriedenstellend. Er ist ein sehr zuverl\u00e4ssiger Partner, der sehr rasch agiert und eine professionelle \u00dcbersetzung sowohl f\u00fcr den Print- als auch f\u00fcr den Onlinebereich abliefert&#8221;.<\/p>\n<p><strong>Mag.A Martina Uster, MSc, Wirtschaftsethik Institut Stift St. Georgen GmbH<\/strong><\/p>\n<p>&#8220;Die \u00dcbersetzungen von Ian Callaghan sind \u00e4usserst pr\u00e4zise und prompt.\u00a0Er erm\u00f6glicht uns damit den einwandfreien internationalen Vertrieb\u00a0unserer Premiumprodukte und eine sehr angenehme Zusammenarbeit&#8221;.<\/p>\n<p><strong>Michaela Springer, MS6 Travel &amp; Music<\/strong><\/p>\n<p>&nbsp;<\/p>\n","protected":false},"excerpt":{"rendered":"<p>&#8220;Ich finde die Unterrichtsmethode von Herrn Callaghan hervorragend. Er vermittelt den Eindruck, dass es\u00a0vollkommen in Ordnung ist, wie man spricht und achtet aber gleichzeitig sehr sorgsam darauf, dass man trotzdem die richtige Aussprache und Wortwahl trifft. Ich\u00a0bekam im Laufe des<\/p>\n","protected":false},"author":1,"featured_media":0,"parent":0,"menu_order":0,"comment_status":"closed","ping_status":"closed","template":"","meta":{"footnotes":""},"class_list":["post-29","page","type-page","status-publish","hentry"],"translation":{"provider":"WPGlobus","version":"3.0.2","language":"de","enabled_languages":["en","de"],"languages":{"en":{"title":true,"content":true,"excerpt":false},"de":{"title":true,"content":true,"excerpt":false}}},"yoast_head":"<!-- This site is optimized with the Yoast SEO plugin v27.2 - https:\/\/yoast.com\/product\/yoast-seo-wordpress\/ -->\n<title>Referenzen - Callaghan<\/title>\n<meta name=\"robots\" content=\"index, follow, max-snippet:-1, max-image-preview:large, max-video-preview:-1\" \/>\n<link rel=\"canonical\" href=\"https:\/\/www.callaghan.at\/29-2\/\" \/>\n<meta property=\"og:locale\" content=\"de_DE\" \/>\n<meta property=\"og:type\" content=\"article\" \/>\n<meta property=\"og:title\" content=\"Referenzen - Callaghan\" \/>\n<meta property=\"og:url\" content=\"https:\/\/www.callaghan.at\/29-2\/\" \/>\n<meta property=\"og:site_name\" content=\"Callaghan\" \/>\n<meta property=\"article:modified_time\" content=\"2015-10-11T16:35:58+00:00\" \/>\n<meta name=\"twitter:label1\" content=\"Est. reading time\" \/>\n\t<meta name=\"twitter:data1\" content=\"4 minutes\" \/>\n<script type=\"application\/ld+json\" class=\"yoast-schema-graph\">{\"@context\":\"https:\/\/schema.org\",\"@graph\":[{\"@type\":\"WebPage\",\"@id\":\"https:\/\/www.callaghan.at\/29-2\/\",\"url\":\"https:\/\/www.callaghan.at\/29-2\/\",\"name\":\"Referenzen - Callaghan\",\"isPartOf\":{\"@id\":\"https:\/\/www.callaghan.at\/#website\"},\"datePublished\":\"2015-09-03T11:13:49+00:00\",\"dateModified\":\"2015-10-11T16:35:58+00:00\",\"breadcrumb\":{\"@id\":\"https:\/\/www.callaghan.at\/29-2\/#breadcrumb\"},\"inLanguage\":\"de-DE\",\"potentialAction\":[{\"@type\":\"ReadAction\",\"target\":[\"https:\/\/www.callaghan.at\/29-2\/\"]}]},{\"@type\":\"BreadcrumbList\",\"@id\":\"https:\/\/www.callaghan.at\/29-2\/#breadcrumb\",\"itemListElement\":[{\"@type\":\"ListItem\",\"position\":1,\"name\":\"Home\",\"item\":\"https:\/\/www.callaghan.at\/\"},{\"@type\":\"ListItem\",\"position\":2,\"name\":\"Testimonials\"}]},{\"@type\":\"WebSite\",\"@id\":\"https:\/\/www.callaghan.at\/#website\",\"url\":\"https:\/\/www.callaghan.at\/\",\"name\":\"Callaghan\",\"description\":\"Translation German English | Business English | Klagenfurt | Villach\",\"publisher\":{\"@id\":\"https:\/\/www.callaghan.at\/#organization\"},\"potentialAction\":[{\"@type\":\"SearchAction\",\"target\":{\"@type\":\"EntryPoint\",\"urlTemplate\":\"https:\/\/www.callaghan.at\/?s={search_term_string}\"},\"query-input\":{\"@type\":\"PropertyValueSpecification\",\"valueRequired\":true,\"valueName\":\"search_term_string\"}}],\"inLanguage\":\"de-DE\"},{\"@type\":\"Organization\",\"@id\":\"https:\/\/www.callaghan.at\/#organization\",\"name\":\"Callaghan\",\"url\":\"https:\/\/www.callaghan.at\/\",\"logo\":{\"@type\":\"ImageObject\",\"inLanguage\":\"de-DE\",\"@id\":\"https:\/\/www.callaghan.at\/#\/schema\/logo\/image\/\",\"url\":\"https:\/\/www.callaghan.at\/wp-content\/uploads\/2015\/01\/logo-callaghan1.png\",\"contentUrl\":\"https:\/\/www.callaghan.at\/wp-content\/uploads\/2015\/01\/logo-callaghan1.png\",\"width\":200,\"height\":75,\"caption\":\"Callaghan\"},\"image\":{\"@id\":\"https:\/\/www.callaghan.at\/#\/schema\/logo\/image\/\"}}]}<\/script>\n<!-- \/ Yoast SEO plugin. -->","yoast_head_json":{"title":"Referenzen - Callaghan","robots":{"index":"index","follow":"follow","max-snippet":"max-snippet:-1","max-image-preview":"max-image-preview:large","max-video-preview":"max-video-preview:-1"},"canonical":"https:\/\/www.callaghan.at\/29-2\/","og_locale":"de_DE","og_type":"article","og_title":"Referenzen - Callaghan","og_url":"https:\/\/www.callaghan.at\/29-2\/","og_site_name":"Callaghan","article_modified_time":"2015-10-11T16:35:58+00:00","twitter_misc":{"Est. reading time":"4 minutes"},"schema":{"@context":"https:\/\/schema.org","@graph":[{"@type":"WebPage","@id":"https:\/\/www.callaghan.at\/29-2\/","url":"https:\/\/www.callaghan.at\/29-2\/","name":"Referenzen - Callaghan","isPartOf":{"@id":"https:\/\/www.callaghan.at\/#website"},"datePublished":"2015-09-03T11:13:49+00:00","dateModified":"2015-10-11T16:35:58+00:00","breadcrumb":{"@id":"https:\/\/www.callaghan.at\/29-2\/#breadcrumb"},"inLanguage":"de-DE","potentialAction":[{"@type":"ReadAction","target":["https:\/\/www.callaghan.at\/29-2\/"]}]},{"@type":"BreadcrumbList","@id":"https:\/\/www.callaghan.at\/29-2\/#breadcrumb","itemListElement":[{"@type":"ListItem","position":1,"name":"Home","item":"https:\/\/www.callaghan.at\/"},{"@type":"ListItem","position":2,"name":"Testimonials"}]},{"@type":"WebSite","@id":"https:\/\/www.callaghan.at\/#website","url":"https:\/\/www.callaghan.at\/","name":"Callaghan","description":"Translation German English | Business English | Klagenfurt | Villach","publisher":{"@id":"https:\/\/www.callaghan.at\/#organization"},"potentialAction":[{"@type":"SearchAction","target":{"@type":"EntryPoint","urlTemplate":"https:\/\/www.callaghan.at\/?s={search_term_string}"},"query-input":{"@type":"PropertyValueSpecification","valueRequired":true,"valueName":"search_term_string"}}],"inLanguage":"de-DE"},{"@type":"Organization","@id":"https:\/\/www.callaghan.at\/#organization","name":"Callaghan","url":"https:\/\/www.callaghan.at\/","logo":{"@type":"ImageObject","inLanguage":"de-DE","@id":"https:\/\/www.callaghan.at\/#\/schema\/logo\/image\/","url":"https:\/\/www.callaghan.at\/wp-content\/uploads\/2015\/01\/logo-callaghan1.png","contentUrl":"https:\/\/www.callaghan.at\/wp-content\/uploads\/2015\/01\/logo-callaghan1.png","width":200,"height":75,"caption":"Callaghan"},"image":{"@id":"https:\/\/www.callaghan.at\/#\/schema\/logo\/image\/"}}]}},"_links":{"self":[{"href":"https:\/\/www.callaghan.at\/de\/wp-json\/wp\/v2\/pages\/29","targetHints":{"allow":["GET"]}}],"collection":[{"href":"https:\/\/www.callaghan.at\/de\/wp-json\/wp\/v2\/pages"}],"about":[{"href":"https:\/\/www.callaghan.at\/de\/wp-json\/wp\/v2\/types\/page"}],"author":[{"embeddable":true,"href":"https:\/\/www.callaghan.at\/de\/wp-json\/wp\/v2\/users\/1"}],"replies":[{"embeddable":true,"href":"https:\/\/www.callaghan.at\/de\/wp-json\/wp\/v2\/comments?post=29"}],"version-history":[{"count":8,"href":"https:\/\/www.callaghan.at\/de\/wp-json\/wp\/v2\/pages\/29\/revisions"}],"predecessor-version":[{"id":122,"href":"https:\/\/www.callaghan.at\/de\/wp-json\/wp\/v2\/pages\/29\/revisions\/122"}],"wp:attachment":[{"href":"https:\/\/www.callaghan.at\/de\/wp-json\/wp\/v2\/media?parent=29"}],"curies":[{"name":"wp","href":"https:\/\/api.w.org\/{rel}","templated":true}]}}